{"id":21,"date":"2023-08-07T21:06:24","date_gmt":"2023-08-07T19:06:24","guid":{"rendered":"http:\/\/www.jordiesparrech.es\/?page_id=21"},"modified":"2023-12-11T14:06:07","modified_gmt":"2023-12-11T13:06:07","slug":"contacte","status":"publish","type":"page","link":"https:\/\/www.jordiesparrech.es\/?page_id=21","title":{"rendered":"Contacte"},"content":{"rendered":"\n<figure class=\"wp-block-image size-large\"><img loading=\"lazy\" decoding=\"async\" width=\"670\" height=\"1024\" src=\"https:\/\/www.jordiesparrech.es\/wp-content\/uploads\/2023\/09\/IMG-20221024-WA0003-670x1024.jpg\" alt=\"\" class=\"wp-image-85\" srcset=\"https:\/\/www.jordiesparrech.es\/wp-content\/uploads\/2023\/09\/IMG-20221024-WA0003-670x1024.jpg 670w, https:\/\/www.jordiesparrech.es\/wp-content\/uploads\/2023\/09\/IMG-20221024-WA0003-196x300.jpg 196w, https:\/\/www.jordiesparrech.es\/wp-content\/uploads\/2023\/09\/IMG-20221024-WA0003-768x1174.jpg 768w, https:\/\/www.jordiesparrech.es\/wp-content\/uploads\/2023\/09\/IMG-20221024-WA0003-1005x1536.jpg 1005w, https:\/\/www.jordiesparrech.es\/wp-content\/uploads\/2023\/09\/IMG-20221024-WA0003.jpg 1047w\" sizes=\"auto, (max-width: 670px) 100vw, 670px\" \/><\/figure>\n\n\n\n<p>Si et queda algun dubte o vols m\u00e9s informaci\u00f3 envia&#8217;m un missatge de whatsapp o truca&#8217;m al tel\u00e8fon: 655630944.<\/p>\n\n\n\n<p>O envia&#8217;m un mail a: <a href=\"mailto:jordiesparrech@yahoo.com\">jordiesparrech@yahoo.com<\/a> <\/p>\n\n\n\n<p>Ser\u00e0 un plaer explicar-te i comen\u00e7ar a treballar!<\/p>\n","protected":false},"excerpt":{"rendered":"<p>Si et queda algun dubte o vols m\u00e9s informaci\u00f3 envia&#8217;m un missatge de whatsapp o truca&#8217;m al tel\u00e8fon: 655630944. O envia&#8217;m un mail a: jordiesparrech@yahoo.com Ser\u00e0 un plaer explicar-te i comen\u00e7ar a treballar!<\/p>\n","protected":false},"author":2,"featured_media":0,"parent":0,"menu_order":5,"comment_status":"closed","ping_status":"closed","template":"","meta":{"footnotes":""},"class_list":["post-21","page","type-page","status-publish","hentry"],"_links":{"self":[{"href":"https:\/\/www.jordiesparrech.es\/index.php?rest_route=\/wp\/v2\/pages\/21","targetHints":{"allow":["GET"]}}],"collection":[{"href":"https:\/\/www.jordiesparrech.es\/index.php?rest_route=\/wp\/v2\/pages"}],"about":[{"href":"https:\/\/www.jordiesparrech.es\/index.php?rest_route=\/wp\/v2\/types\/page"}],"author":[{"embeddable":true,"href":"https:\/\/www.jordiesparrech.es\/index.php?rest_route=\/wp\/v2\/users\/2"}],"replies":[{"embeddable":true,"href":"https:\/\/www.jordiesparrech.es\/index.php?rest_route=%2Fwp%2Fv2%2Fcomments&post=21"}],"version-history":[{"count":6,"href":"https:\/\/www.jordiesparrech.es\/index.php?rest_route=\/wp\/v2\/pages\/21\/revisions"}],"predecessor-version":[{"id":227,"href":"https:\/\/www.jordiesparrech.es\/index.php?rest_route=\/wp\/v2\/pages\/21\/revisions\/227"}],"wp:attachment":[{"href":"https:\/\/www.jordiesparrech.es\/index.php?rest_route=%2Fwp%2Fv2%2Fmedia&parent=21"}],"curies":[{"name":"wp","href":"https:\/\/api.w.org\/{rel}","templated":true}]}}