{"id":2,"date":"2023-08-07T17:34:16","date_gmt":"2023-08-07T15:34:16","guid":{"rendered":"http:\/\/www.jordiesparrech.es\/?page_id=2"},"modified":"2023-10-18T23:07:49","modified_gmt":"2023-10-18T21:07:49","slug":"serveis","status":"publish","type":"page","link":"https:\/\/www.jordiesparrech.es\/?page_id=2","title":{"rendered":"Serveis"},"content":{"rendered":"\n<figure class=\"wp-block-image size-large\"><img loading=\"lazy\" decoding=\"async\" width=\"1024\" height=\"683\" src=\"https:\/\/www.jordiesparrech.es\/wp-content\/uploads\/2023\/09\/230721-krismoya-18-1024x683.jpg\" alt=\"\" class=\"wp-image-92\" srcset=\"https:\/\/www.jordiesparrech.es\/wp-content\/uploads\/2023\/09\/230721-krismoya-18-1024x683.jpg 1024w, https:\/\/www.jordiesparrech.es\/wp-content\/uploads\/2023\/09\/230721-krismoya-18-300x200.jpg 300w, https:\/\/www.jordiesparrech.es\/wp-content\/uploads\/2023\/09\/230721-krismoya-18-768x512.jpg 768w, https:\/\/www.jordiesparrech.es\/wp-content\/uploads\/2023\/09\/230721-krismoya-18.jpg 1080w\" sizes=\"auto, (max-width: 1024px) 100vw, 1024px\" \/><\/figure>\n\n\n\n<p> <\/p>\n\n\n\n<p><\/p>\n\n\n\n<p><strong>CLASSES PARTICULARS O INDIVIDUALITZADES<\/strong>.<\/p>\n\n\n\n<p>A) INICIACI\u00d3.<\/p>\n\n\n\n<p>Qualsevol persona que vulgui iniciar-se al tennis amb entrenaments adaptats a la disponibilitat i al nivell de cadasc\u00fa o cadascuna. Utilitzaci\u00f3 de diferents tipus de pilota per facilitar un millor aprenentatge. Possibilitat de despla\u00e7ar-se a qualsevol club o pista. Grabaci\u00f3 d&#8217;imatges per comprovar la millora t\u00e8cnica.<\/p>\n\n\n\n<p>B) PERFECCIONAMENT.<\/p>\n\n\n\n<p>Treball interdisciplinar per adquirir un r\u00e0pid aprenentatge amb jocs, situacions reals de partit, algunes primeres competicions de club i una millora f\u00edsica acompanyada amb la progressi\u00f3 t\u00e8cnico-t\u00e0ctica. Entrenaments en diferents superf\u00edcies i amb \u00absparrings\u00bb per comprovar l&#8217;evoluci\u00f3 jugant partit. Assessorament f\u00edsic i esportiu individualitzat per aconseguir els objectius establerts conjuntament.<\/p>\n\n\n\n<p>C) COMPETICI\u00d3.<\/p>\n\n\n\n<p>Encaminat a jugadors i jugadores federats i federades que vulguin fer un salt de qualitat amb entrenaments personalitzats en base al partit, simulant les difrents situacions reals del joc. <\/p>\n\n\n\n<p><strong>CLASSES COL\u00b7LECTIVES<\/strong><\/p>\n\n\n\n<p>A) INICIACI\u00d3.<\/p>\n\n\n\n<p>Escola de mini tennis encaminada als m\u00e9s petits que vulguin iniciar-se en un club o en una escola de prim\u00e0ria a trav\u00e9s de les AFA&#8217;s, amb un treball coordinatiu i t\u00e8cnic mitjan\u00e7ant el joc i el divertiment. Gaudir de les primeres competicions-trobades de mini tennis.<\/p>\n\n\n\n<p>B) PERFECCIONAMENT.<\/p>\n\n\n\n<p>Per a joves que vulguin millorar i comen\u00e7ar a participar en competicions fora del seu club. Entrenaments simulant situacions reals de partit, grabaci\u00f3 d&#8217;imatges i posterior an\u00e0l\u00b7lisi de les mateixes.<\/p>\n\n\n\n<p>Escola d&#8217;adults amb classes individuals i col\u00b7lectives per adquirir un r\u00e0pid aprenentatge amb jocs, situacions reals de partit, algunes primeres competicions de club i una millora f\u00edsica conjuntament amb la progressi\u00f3 t\u00e8cnico-t\u00e0ctica.<\/p>\n\n\n\n<figure class=\"wp-block-image size-large\"><img loading=\"lazy\" decoding=\"async\" width=\"1024\" height=\"683\" src=\"https:\/\/www.jordiesparrech.es\/wp-content\/uploads\/2023\/09\/230721-krismoya-34-1024x683.jpg\" alt=\"\" class=\"wp-image-89\" srcset=\"https:\/\/www.jordiesparrech.es\/wp-content\/uploads\/2023\/09\/230721-krismoya-34-1024x683.jpg 1024w, https:\/\/www.jordiesparrech.es\/wp-content\/uploads\/2023\/09\/230721-krismoya-34-300x200.jpg 300w, https:\/\/www.jordiesparrech.es\/wp-content\/uploads\/2023\/09\/230721-krismoya-34-768x512.jpg 768w, https:\/\/www.jordiesparrech.es\/wp-content\/uploads\/2023\/09\/230721-krismoya-34.jpg 1080w\" sizes=\"auto, (max-width: 1024px) 100vw, 1024px\" \/><\/figure>\n\n\n\n<p>C) COMPETICI\u00d3.<\/p>\n\n\n\n<p>Entrenaments din\u00e0mics interdisciplinars individuals o en grup redu\u00eft, on la part t\u00e8cnica anir\u00e0 complementada de l&#8217;entrenament t\u00e0ctic, f\u00edsic i mental. Acompanyament a les competicions, grabacions de v\u00eddeos i informes peri\u00f2dics per comprovar si s&#8217;assoleixen els objectius establerts conjuntament.<\/p>\n\n\n\n<p><\/p>\n\n\n\n<p><strong> PREPARACI\u00d3 F\u00cdSICA I ASSESSORAMENT ESPORTIU<\/strong><\/p>\n\n\n\n<p>Entrenador personal i preparaci\u00f3 f\u00edsica personalitzada segons els objectius de cadasc\u00fa o cadascuna.<\/p>\n\n\n\n<p>Assessorament individualitzat per trobar el millor club esportiu i la millor disciplina per cadasc\u00fa o cadascuna.<\/p>\n","protected":false},"excerpt":{"rendered":"<p>CLASSES PARTICULARS O INDIVIDUALITZADES. A) INICIACI\u00d3. Qualsevol persona que vulgui iniciar-se al tennis amb entrenaments adaptats a la disponibilitat i al nivell de cadasc\u00fa o cadascuna. Utilitzaci\u00f3 de diferents tipus de pilota per facilitar un millor aprenentatge. Possibilitat de despla\u00e7ar-se a qualsevol club o pista. Grabaci\u00f3 d&#8217;imatges per comprovar la millora t\u00e8cnica. B) PERFECCIONAMENT. Treball [&hellip;]<\/p>\n","protected":false},"author":1,"featured_media":0,"parent":0,"menu_order":2,"comment_status":"closed","ping_status":"closed","template":"","meta":{"footnotes":""},"class_list":["post-2","page","type-page","status-publish","hentry"],"_links":{"self":[{"href":"https:\/\/www.jordiesparrech.es\/index.php?rest_route=\/wp\/v2\/pages\/2","targetHints":{"allow":["GET"]}}],"collection":[{"href":"https:\/\/www.jordiesparrech.es\/index.php?rest_route=\/wp\/v2\/pages"}],"about":[{"href":"https:\/\/www.jordiesparrech.es\/index.php?rest_route=\/wp\/v2\/types\/page"}],"author":[{"embeddable":true,"href":"https:\/\/www.jordiesparrech.es\/index.php?rest_route=\/wp\/v2\/users\/1"}],"replies":[{"embeddable":true,"href":"https:\/\/www.jordiesparrech.es\/index.php?rest_route=%2Fwp%2Fv2%2Fcomments&post=2"}],"version-history":[{"count":9,"href":"https:\/\/www.jordiesparrech.es\/index.php?rest_route=\/wp\/v2\/pages\/2\/revisions"}],"predecessor-version":[{"id":130,"href":"https:\/\/www.jordiesparrech.es\/index.php?rest_route=\/wp\/v2\/pages\/2\/revisions\/130"}],"wp:attachment":[{"href":"https:\/\/www.jordiesparrech.es\/index.php?rest_route=%2Fwp%2Fv2%2Fmedia&parent=2"}],"curies":[{"name":"wp","href":"https:\/\/api.w.org\/{rel}","templated":true}]}}