{"id":19,"date":"2023-08-07T21:06:24","date_gmt":"2023-08-07T19:06:24","guid":{"rendered":"http:\/\/www.jordiesparrech.es\/?page_id=19"},"modified":"2024-02-20T21:41:16","modified_gmt":"2024-02-20T20:41:16","slug":"inici","status":"publish","type":"page","link":"https:\/\/www.jordiesparrech.es\/","title":{"rendered":"JORDI ESP\u00c0RRECH"},"content":{"rendered":"\n<div class=\"wp-block-group alignwide is-layout-flow wp-block-group-is-layout-flow\">\n<h2 class=\"wp-block-heading has-text-align-center\">El tennis, una forma de viure.<\/h2>\n<\/div>\n\n\n\n<div style=\"height:66px\" aria-hidden=\"true\" class=\"wp-block-spacer\"><\/div>\n\n\n\n<div class=\"wp-block-columns alignwide is-layout-flex wp-container-core-columns-is-layout-28f84493 wp-block-columns-is-layout-flex\">\n<div class=\"wp-block-column is-layout-flow wp-block-column-is-layout-flow\">\n<div class=\"wp-block-group is-layout-flow wp-block-group-is-layout-flow\">\n<figure class=\"wp-block-image alignfull size-large\"><a href=\"https:\/\/www.jordiesparrech.es\/?p=285\"><img loading=\"lazy\" decoding=\"async\" width=\"1024\" height=\"786\" src=\"https:\/\/www.jordiesparrech.es\/wp-content\/uploads\/2024\/02\/PHOTO-2024-02-20-21-36-13-1-1024x786.jpg\" alt=\"\" class=\"wp-image-291\" srcset=\"https:\/\/www.jordiesparrech.es\/wp-content\/uploads\/2024\/02\/PHOTO-2024-02-20-21-36-13-1-1024x786.jpg 1024w, https:\/\/www.jordiesparrech.es\/wp-content\/uploads\/2024\/02\/PHOTO-2024-02-20-21-36-13-1-300x230.jpg 300w, https:\/\/www.jordiesparrech.es\/wp-content\/uploads\/2024\/02\/PHOTO-2024-02-20-21-36-13-1-768x589.jpg 768w, https:\/\/www.jordiesparrech.es\/wp-content\/uploads\/2024\/02\/PHOTO-2024-02-20-21-36-13-1.jpg 1200w\" sizes=\"auto, (max-width: 1024px) 100vw, 1024px\" \/><\/a><\/figure>\n\n\n\n<h3 class=\"wp-block-heading\">Tennis, el rei dels esports?<\/h3>\n\n\n\n<h3 class=\"wp-block-heading\"> <\/h3>\n\n\n\n<p><\/p>\n\n\n\n<div class=\"wp-block-button is-style-outline is-style-outline--1\"><a class=\"wp-block-button__link wp-element-button\" href=\"https:\/\/www.jordiesparrech.es\/?p=285\">Leer m\u00e1s<\/a><\/div>\n<\/div>\n\n\n\n<div class=\"wp-block-group is-layout-flow wp-block-group-is-layout-flow\">\n<figure class=\"wp-block-image alignfull size-full\"><a href=\"https:\/\/www.jordiesparrech.es\/?p=179\"><img loading=\"lazy\" decoding=\"async\" width=\"768\" height=\"460\" src=\"https:\/\/www.jordiesparrech.es\/wp-content\/uploads\/2023\/12\/Sinner-ski.webp\" alt=\"\" class=\"wp-image-193\" srcset=\"https:\/\/www.jordiesparrech.es\/wp-content\/uploads\/2023\/12\/Sinner-ski.webp 768w, https:\/\/www.jordiesparrech.es\/wp-content\/uploads\/2023\/12\/Sinner-ski-300x180.webp 300w\" sizes=\"auto, (max-width: 768px) 100vw, 768px\" \/><\/a><\/figure>\n\n\n\n<h3 class=\"wp-block-heading\">Jannik Sinner,   l&#8217;esquiador.<\/h3>\n\n\n\n<div class=\"wp-block-button is-style-outline is-style-outline--2\"><a class=\"wp-block-button__link wp-element-button\" href=\"https:\/\/www.jordiesparrech.es\/?p=179\">Leer m\u00e1s<\/a><\/div>\n<\/div>\n<\/div>\n\n\n\n<div class=\"wp-block-column is-layout-flow wp-block-column-is-layout-flow\">\n<div class=\"wp-block-group is-layout-flow wp-block-group-is-layout-flow\">\n<figure class=\"wp-block-image alignfull size-large\"><img loading=\"lazy\" decoding=\"async\" width=\"1024\" height=\"576\" src=\"https:\/\/www.jordiesparrech.es\/wp-content\/uploads\/2024\/02\/sinner-australian-open-2024-shorthand-final-trophy-lead-horizontal-2560x1440-1-1024x576.jpg\" alt=\"\" class=\"wp-image-281\" srcset=\"https:\/\/www.jordiesparrech.es\/wp-content\/uploads\/2024\/02\/sinner-australian-open-2024-shorthand-final-trophy-lead-horizontal-2560x1440-1-1024x576.jpg 1024w, https:\/\/www.jordiesparrech.es\/wp-content\/uploads\/2024\/02\/sinner-australian-open-2024-shorthand-final-trophy-lead-horizontal-2560x1440-1-300x169.jpg 300w, https:\/\/www.jordiesparrech.es\/wp-content\/uploads\/2024\/02\/sinner-australian-open-2024-shorthand-final-trophy-lead-horizontal-2560x1440-1-768x432.jpg 768w, https:\/\/www.jordiesparrech.es\/wp-content\/uploads\/2024\/02\/sinner-australian-open-2024-shorthand-final-trophy-lead-horizontal-2560x1440-1-1536x864.jpg 1536w, https:\/\/www.jordiesparrech.es\/wp-content\/uploads\/2024\/02\/sinner-australian-open-2024-shorthand-final-trophy-lead-horizontal-2560x1440-1-2048x1152.jpg 2048w\" sizes=\"auto, (max-width: 1024px) 100vw, 1024px\" \/><\/figure>\n\n\n\n<h3 class=\"wp-block-heading\">Ressaca de l&#8217;Australia Open<\/h3>\n\n\n\n<p><\/p>\n\n\n\n<div class=\"wp-block-button is-style-outline is-style-outline--3\"><a class=\"wp-block-button__link wp-element-button\">Leer m\u00e1s<\/a><\/div>\n<\/div>\n\n\n\n<div class=\"wp-block-group is-layout-flow wp-block-group-is-layout-flow\">\n<figure class=\"wp-block-gallery alignfull has-nested-images columns-default is-cropped wp-block-gallery-4 is-layout-flex wp-block-gallery-is-layout-flex\">\n<figure class=\"wp-block-image size-full\"><a href=\"https:\/\/www.jordiesparrech.es\/?p=181\"><img loading=\"lazy\" decoding=\"async\" width=\"990\" height=\"557\" data-id=\"184\" src=\"https:\/\/www.jordiesparrech.es\/wp-content\/uploads\/2023\/11\/14836334969027.jpg\" alt=\"\" class=\"wp-image-184\" srcset=\"https:\/\/www.jordiesparrech.es\/wp-content\/uploads\/2023\/11\/14836334969027.jpg 990w, https:\/\/www.jordiesparrech.es\/wp-content\/uploads\/2023\/11\/14836334969027-300x169.jpg 300w, https:\/\/www.jordiesparrech.es\/wp-content\/uploads\/2023\/11\/14836334969027-768x432.jpg 768w\" sizes=\"auto, (max-width: 990px) 100vw, 990px\" \/><\/a><\/figure>\n<\/figure>\n\n\n\n<h3 class=\"wp-block-heading\">Djokovic, el goat imparable.<\/h3>\n\n\n\n<div class=\"wp-block-button is-style-outline is-style-outline--5\"><a class=\"wp-block-button__link wp-element-button\" href=\"https:\/\/www.jordiesparrech.es\/?p=181\">Leer m\u00e1s<\/a><\/div>\n<\/div>\n<\/div>\n<\/div>\n\n\n\n<figure class=\"wp-block-image alignfull size-large\"><img loading=\"lazy\" decoding=\"async\" width=\"1024\" height=\"682\" src=\"https:\/\/www.jordiesparrech.es\/wp-content\/uploads\/2023\/10\/231007-krismoya.es-9-1024x682.jpg\" alt=\"\" class=\"wp-image-158\" srcset=\"https:\/\/www.jordiesparrech.es\/wp-content\/uploads\/2023\/10\/231007-krismoya.es-9-1024x682.jpg 1024w, https:\/\/www.jordiesparrech.es\/wp-content\/uploads\/2023\/10\/231007-krismoya.es-9-300x200.jpg 300w, https:\/\/www.jordiesparrech.es\/wp-content\/uploads\/2023\/10\/231007-krismoya.es-9-768x511.jpg 768w, https:\/\/www.jordiesparrech.es\/wp-content\/uploads\/2023\/10\/231007-krismoya.es-9.jpg 1080w\" sizes=\"auto, (max-width: 1024px) 100vw, 1024px\" \/><\/figure>\n\n\n\n<h2 class=\"wp-block-heading has-text-align-center has-accent-color has-text-color\">El tennis, la meditaci\u00f3 en moviment.<\/h2>\n\n\n\n<div class=\"wp-block-group alignwide is-layout-flow wp-block-group-is-layout-flow\"><\/div>\n\n\n\n<p class=\"has-drop-cap\">Fer esport a l&#8217;aire lliure, gaudir, desconnectar, aprendre a competir, relacionar-se i estimar el tennis s\u00f3n els valors que impregno a les classes. On nom\u00e9s hi t\u00e9 cabuda l&#8217;amor.<\/p>\n\n\n\n<p><\/p>\n","protected":false},"excerpt":{"rendered":"<p>El tennis, una forma de viure. Tennis, el rei dels esports? Jannik Sinner, l&#8217;esquiador. Ressaca de l&#8217;Australia Open Djokovic, el goat imparable. El tennis, la meditaci\u00f3 en moviment. Fer esport a l&#8217;aire lliure, gaudir, desconnectar, aprendre a competir, relacionar-se i estimar el tennis s\u00f3n els valors que impregno a les classes. On nom\u00e9s hi t\u00e9 [&hellip;]<\/p>\n","protected":false},"author":2,"featured_media":162,"parent":0,"menu_order":0,"comment_status":"closed","ping_status":"closed","template":"","meta":{"footnotes":""},"class_list":["post-19","page","type-page","status-publish","has-post-thumbnail","hentry"],"_links":{"self":[{"href":"https:\/\/www.jordiesparrech.es\/index.php?rest_route=\/wp\/v2\/pages\/19","targetHints":{"allow":["GET"]}}],"collection":[{"href":"https:\/\/www.jordiesparrech.es\/index.php?rest_route=\/wp\/v2\/pages"}],"about":[{"href":"https:\/\/www.jordiesparrech.es\/index.php?rest_route=\/wp\/v2\/types\/page"}],"author":[{"embeddable":true,"href":"https:\/\/www.jordiesparrech.es\/index.php?rest_route=\/wp\/v2\/users\/2"}],"replies":[{"embeddable":true,"href":"https:\/\/www.jordiesparrech.es\/index.php?rest_route=%2Fwp%2Fv2%2Fcomments&post=19"}],"version-history":[{"count":29,"href":"https:\/\/www.jordiesparrech.es\/index.php?rest_route=\/wp\/v2\/pages\/19\/revisions"}],"predecessor-version":[{"id":292,"href":"https:\/\/www.jordiesparrech.es\/index.php?rest_route=\/wp\/v2\/pages\/19\/revisions\/292"}],"wp:featuredmedia":[{"embeddable":true,"href":"https:\/\/www.jordiesparrech.es\/index.php?rest_route=\/wp\/v2\/media\/162"}],"wp:attachment":[{"href":"https:\/\/www.jordiesparrech.es\/index.php?rest_route=%2Fwp%2Fv2%2Fmedia&parent=19"}],"curies":[{"name":"wp","href":"https:\/\/api.w.org\/{rel}","templated":true}]}}